{"id":1229,"date":"2024-11-19T12:50:13","date_gmt":"2024-11-19T12:50:13","guid":{"rendered":"https:\/\/www.atakey.com.tr\/icra-kurulu\/"},"modified":"2025-07-19T09:53:16","modified_gmt":"2025-07-19T09:53:16","slug":"executive-committee","status":"publish","type":"page","link":"https:\/\/www.atakey.com.tr\/en\/executive-committee\/","title":{"rendered":"Executive Committee"},"content":{"rendered":"\n<div class=\"wp-block-columns narrow is-layout-flex wp-container-core-columns-is-layout-9d6595d7 wp-block-columns-is-layout-flex\">\n<div class=\"wp-block-column is-layout-flow wp-block-column-is-layout-flow\" style=\"flex-basis:30%\">\n<figure class=\"wp-block-image size-full\"><img loading=\"lazy\" decoding=\"async\" width=\"500\" height=\"600\" src=\"https:\/\/atakey.sipa.web.tr\/wp-content\/uploads\/2024\/10\/ahmet-ozgul.jpg\" alt=\"\" class=\"wp-image-68\"\/><\/figure>\n<\/div>\n\n\n\n<div class=\"wp-block-column is-vertically-aligned-center is-layout-flow wp-block-column-is-layout-flow\" style=\"flex-basis:70%\">\n<h4 class=\"wp-block-heading\">Ahmet \u00d6ZG\u00dcL<br\/>Chairman of Executive Comittee \/ Deputy General Manager<br\/><\/h4>\n\n\n\n<p>Ahmet \u00d6zg\u00fcl started to work as Deputy General Manager in Atakey Patates as of April 2023. He worked as Business Development Manager in Ekur In\u015faat San. ve Tic. A.\u015e. in 2012, which is a related party. After working as a Logistics Specialist at Uzel Makine A.\u015e. in 2005 and as a Business Development Specialist at Y\u0131ld\u0131z Holding A.\u015e. in 2007, he joined the Group in 2012. After completing his undergraduate education in Industrial Engineering at Bo\u011fazi\u00e7i University, he completed his master\u2019s degree in Industrial Engineering at the same university with a high honor.<br\/><br\/><\/p>\n<\/div>\n<\/div>\n\n<div style=\"height:40px\" aria-hidden=\"true\" class=\"wp-block-spacer\"><\/div>\n\n<div class=\"wp-block-columns narrow is-layout-flex wp-container-core-columns-is-layout-9d6595d7 wp-block-columns-is-layout-flex\">\n<div class=\"wp-block-column is-layout-flow wp-block-column-is-layout-flow\" style=\"flex-basis:30%\">\n<figure class=\"wp-block-image size-full\"><img loading=\"lazy\" decoding=\"async\" width=\"500\" height=\"600\" src=\"https:\/\/atakey.sipa.web.tr\/wp-content\/uploads\/2024\/10\/suat-acikbas.jpg\" alt=\"\" class=\"wp-image-84\"\/><\/figure>\n<\/div>\n\n\n\n<div class=\"wp-block-column is-vertically-aligned-center is-layout-flow wp-block-column-is-layout-flow\" style=\"flex-basis:70%\">\n<h4 class=\"wp-block-heading\">Suat A\u00c7IKBA\u015e<br\/>Executive Comittee Member \/ Deputy General Manager<br\/><\/h4>\n\n\n\n<p>Suat A\u00e7\u0131kba\u015f joined the Group in 1995 as the accounting manager at Ekur Proje Y\u00f6netim Limited \u015eirketi in Liquidation. He started to work in Atakey Patates in 2014 and has been working as Deputy General Manager since 2019. He undertook various tasks at different dates within Ecosystem Companies. He has also served as the deputy general manager in some Ecosystem Companies. Suat A\u00e7\u0131kba\u015f is a graduate of Department of German Language Teaching of Anadolu University.<br\/><br\/><\/p>\n<\/div>\n<\/div>\n\n<div style=\"height:40px\" aria-hidden=\"true\" class=\"wp-block-spacer\"><\/div>\n\n<div class=\"wp-block-columns narrow is-layout-flex wp-container-core-columns-is-layout-9d6595d7 wp-block-columns-is-layout-flex\">\n<div class=\"wp-block-column is-layout-flow wp-block-column-is-layout-flow\" style=\"flex-basis:30%\">\n<figure class=\"wp-block-image size-full\"><img loading=\"lazy\" decoding=\"async\" width=\"500\" height=\"600\" src=\"https:\/\/atakey.sipa.web.tr\/wp-content\/uploads\/2024\/10\/atakey-hakan-celik.jpg\" alt=\"\" class=\"wp-image-72\"\/><\/figure>\n<\/div>\n\n\n\n<div class=\"wp-block-column is-vertically-aligned-center is-layout-flow wp-block-column-is-layout-flow\" style=\"flex-basis:70%\">\n<h4 class=\"wp-block-heading\">Hakan \u00c7ELL\u0130K<br\/>Executive Comittee Member \/ Factory Manager<br\/><\/h4>\n\n\n\n<p>Hakan \u00c7ellik has been the Company\u2019s Factory Manager since November 2022. He has been working in the Company since 2017. Before joining the Company, he worked as Production Supervisor at Ilkbal G\u0131da (08.2015-09.2016), Food Engineer at Cumhuriyet Sucuklar\u0131 (09.2016-03.2017) and joined the Company in March 2017 and worked as Shift Supervisor, Production Chief and Production Manager, respectively. Hakan \u00c7ellik graduated from Harran University with a degree in Food Engineering and graduated from Afyon Kocatepe University with a master\u2019s degree in Occupational Safety and a master\u2019s degree in Food Engineering.<br\/><br\/><\/p>\n<\/div>\n<\/div>\n\n<p><\/p>\n","protected":false},"excerpt":{"rendered":"<p>Ahmet \u00d6ZG\u00dcLChairman of Executive Comittee \/ Deputy General Manager Ahmet \u00d6zg\u00fcl started to work as Deputy General Manager in Atakey Patates as of April 2023. He worked as Business Development Manager in Ekur In\u015faat San. ve Tic. A.\u015e. in 2012, which is a related party. After working as a Logistics Specialist at Uzel Makine A.\u015e.&hellip; <a class=\"more-link\" href=\"https:\/\/www.atakey.com.tr\/en\/executive-committee\/\">Continue reading <span class=\"screen-reader-text\">Executive Committee<\/span><\/a><\/p>\n","protected":false},"author":2,"featured_media":2059,"parent":0,"menu_order":0,"comment_status":"closed","ping_status":"closed","template":"","meta":{"_acf_changed":false,"footnotes":""},"class_list":["post-1229","page","type-page","status-publish","has-post-thumbnail","hentry","entry"],"acf":[],"_links":{"self":[{"href":"https:\/\/www.atakey.com.tr\/en\/wp-json\/wp\/v2\/pages\/1229","targetHints":{"allow":["GET"]}}],"collection":[{"href":"https:\/\/www.atakey.com.tr\/en\/wp-json\/wp\/v2\/pages"}],"about":[{"href":"https:\/\/www.atakey.com.tr\/en\/wp-json\/wp\/v2\/types\/page"}],"author":[{"embeddable":true,"href":"https:\/\/www.atakey.com.tr\/en\/wp-json\/wp\/v2\/users\/2"}],"replies":[{"embeddable":true,"href":"https:\/\/www.atakey.com.tr\/en\/wp-json\/wp\/v2\/comments?post=1229"}],"version-history":[{"count":2,"href":"https:\/\/www.atakey.com.tr\/en\/wp-json\/wp\/v2\/pages\/1229\/revisions"}],"predecessor-version":[{"id":2066,"href":"https:\/\/www.atakey.com.tr\/en\/wp-json\/wp\/v2\/pages\/1229\/revisions\/2066"}],"wp:featuredmedia":[{"embeddable":true,"href":"https:\/\/www.atakey.com.tr\/en\/wp-json\/wp\/v2\/media\/2059"}],"wp:attachment":[{"href":"https:\/\/www.atakey.com.tr\/en\/wp-json\/wp\/v2\/media?parent=1229"}],"curies":[{"name":"wp","href":"https:\/\/api.w.org\/{rel}","templated":true}]}}