{"id":1235,"date":"2024-11-06T14:52:13","date_gmt":"2024-11-06T14:52:13","guid":{"rendered":"https:\/\/www.atakey.com.tr\/iletisim\/"},"modified":"2025-07-19T10:18:05","modified_gmt":"2025-07-19T10:18:05","slug":"contact","status":"publish","type":"page","link":"https:\/\/www.atakey.com.tr\/en\/contact\/","title":{"rendered":"Contact"},"content":{"rendered":"\n<div class=\"wp-block-columns is-layout-flex wp-container-core-columns-is-layout-9d6595d7 wp-block-columns-is-layout-flex\">\n<div class=\"wp-block-column is-vertically-aligned-top is-layout-flow wp-block-column-is-layout-flow\">\n<h2 class=\"wp-block-heading\">ATAKEY PATATES GIDA SAN. T\u0130C. A.\u015e.<\/h2>\n\n\n\n<p><strong>Headquarters:<\/strong> Emirhan Cad. No: 109 Kat: 11 Balmumcu Be\u015fikta\u015f \u2013 \u0130stanbul \/ T\u00fcrkiye <\/p>\n\n\n\n<p><strong> Factory:<\/strong> Ankara Cad. Susuz-Sakarya Mah. Afyonkarahisar <\/p>\n\n\n\n<p><strong>Phone:<\/strong> (0272) 223 54 55-60 <strong>Faks<\/strong>: (0272) 223 52 82<\/p>\n<\/div>\n\n\n\n<div class=\"wp-block-column is-vertically-aligned-top is-layout-flow wp-block-column-is-layout-flow\" style=\"flex-basis:50%\">\n<iframe src=\"https:\/\/www.google.com\/maps\/embed?pb=!1m18!1m12!1m3!1d3008.4890270666615!2d29.004739877428413!3d41.058301971343454!2m3!1f0!2f0!3f0!3m2!1i1024!2i768!4f13.1!3m3!1m2!1s0x14cab7acf6931a89%3A0x54b853322361aa1e!2sAtakey%20Patates%20G%C4%B1da%20Sanayi%20Tic.%20A.%C5%9E!5e0!3m2!1str!2str!4v1751631359922!5m2!1str!2str\" width=\"800\" height=\"800\" style=\"border:0;\" allowfullscreen=\"\" loading=\"lazy\" referrerpolicy=\"no-referrer-when-downgrade\"><\/iframe><br\/>\n<\/div>\n<\/div>\n\n<p><\/p>\n","protected":false},"excerpt":{"rendered":"<p>ATAKEY PATATES GIDA SAN. T\u0130C. A.\u015e. Headquarters: Emirhan Cad. No: 109 Kat: 11 Balmumcu Be\u015fikta\u015f \u2013 \u0130stanbul \/ T\u00fcrkiye Factory: Ankara Cad. Susuz-Sakarya Mah. Afyonkarahisar Phone: (0272) 223 54 55-60 Faks: (0272) 223 52 82<\/p>\n","protected":false},"author":2,"featured_media":2059,"parent":0,"menu_order":0,"comment_status":"closed","ping_status":"closed","template":"","meta":{"_acf_changed":false,"footnotes":""},"class_list":["post-1235","page","type-page","status-publish","has-post-thumbnail","hentry","entry"],"acf":[],"_links":{"self":[{"href":"https:\/\/www.atakey.com.tr\/en\/wp-json\/wp\/v2\/pages\/1235","targetHints":{"allow":["GET"]}}],"collection":[{"href":"https:\/\/www.atakey.com.tr\/en\/wp-json\/wp\/v2\/pages"}],"about":[{"href":"https:\/\/www.atakey.com.tr\/en\/wp-json\/wp\/v2\/types\/page"}],"author":[{"embeddable":true,"href":"https:\/\/www.atakey.com.tr\/en\/wp-json\/wp\/v2\/users\/2"}],"replies":[{"embeddable":true,"href":"https:\/\/www.atakey.com.tr\/en\/wp-json\/wp\/v2\/comments?post=1235"}],"version-history":[{"count":2,"href":"https:\/\/www.atakey.com.tr\/en\/wp-json\/wp\/v2\/pages\/1235\/revisions"}],"predecessor-version":[{"id":2097,"href":"https:\/\/www.atakey.com.tr\/en\/wp-json\/wp\/v2\/pages\/1235\/revisions\/2097"}],"wp:featuredmedia":[{"embeddable":true,"href":"https:\/\/www.atakey.com.tr\/en\/wp-json\/wp\/v2\/media\/2059"}],"wp:attachment":[{"href":"https:\/\/www.atakey.com.tr\/en\/wp-json\/wp\/v2\/media?parent=1235"}],"curies":[{"name":"wp","href":"https:\/\/api.w.org\/{rel}","templated":true}]}}