{"id":1267,"date":"2016-05-10T03:48:21","date_gmt":"2016-05-10T03:48:21","guid":{"rendered":"https:\/\/www.atakey.com.tr\/anasayfa\/"},"modified":"2025-08-12T08:11:44","modified_gmt":"2025-08-12T08:11:44","slug":"anasayfa","status":"publish","type":"page","link":"https:\/\/www.atakey.com.tr\/en\/","title":{"rendered":"_ Home"},"content":{"rendered":"\n<div data-remove=\"true\" data-id=\"sipa-slide-data\" data-cats=\"promo-slides\" data-num=\"3\" data-posttype=\"sipaslide\" data-slidetype=\"just-content\" data-buttontext=\"Explore\" data-cssclass=\"grid-thumbnail\" data-responsive=\"1|1|1|1|1|1\" data-lazyload=\"false\" data-thumbnail=\"false\" data-order=\"desc\" data-arrows=\"true\" data-dots=\"true\" class=\"wp-block-create-block-sipa-slide-block\"><\/div><!-- slick slide start :just-content --><div class=\"slick-slide-cover slick-general grid-thumbnail\" data-respsetting=\"1|1|1|1|1|1\" data-center=\"false\" data-loop=\"true\" data-autoplay=\"7000\" data-dots=\"true\" data-arrows=\"true\"><div class=\"slick-use\">\n<section class=\"wp-block-group figure-overlay\"><div class=\"wp-block-group__inner-container is-layout-constrained wp-block-group-is-layout-constrained\">\n<figure class=\"wp-block-image size-full\"><img loading=\"lazy\" decoding=\"async\" width=\"2400\" height=\"1108\" src=\"https:\/\/atakey.sipa.web.tr\/wp-content\/uploads\/2024\/10\/fabrika_Atakey-patates.jpg\" alt=\"\" class=\"wp-image-43\"\/><\/figure>\n\n\n\n<div class=\"wp-block-group text\"><div class=\"wp-block-group__inner-container is-layout-constrained wp-block-group-is-layout-constrained\">\n<p class=\"has-text-align-center\"><strong>We produce for all of the QSR (Quick Service Restaurants) under the roof of TFI TAB Food Investments and 1\/5 of the frozen french fries consumption in Turkey.&#13;\n<\/strong><\/p>\n<\/div><\/div>\n<\/div><\/section>\n<\/div><\/div><!-- slick slide end -->\n\n\n\n<section id=\"biz-kimiz\" class=\"wp-block-group full-inside padding almost-close soft-bg\"><div class=\"wp-block-group__inner-container is-layout-constrained wp-block-group-is-layout-constrained\">\n<div class=\"wp-block-columns is-layout-flex wp-container-core-columns-is-layout-9d6595d7 wp-block-columns-is-layout-flex\">\n<div class=\"wp-block-column is-layout-flow wp-block-column-is-layout-flow\" style=\"flex-basis:45%\">\n<figure class=\"wp-block-image size-large\"><img loading=\"lazy\" decoding=\"async\" width=\"1024\" height=\"767\" src=\"https:\/\/www.atakey.com.tr\/wp-content\/uploads\/2024\/10\/hakkimizda-atakey-patates-1024x767.jpg\" alt=\"\" class=\"wp-image-57\"\/><\/figure>\n<\/div>\n\n\n\n<div class=\"wp-block-column is-vertically-aligned-bottom is-layout-flow wp-block-column-is-layout-flow\" style=\"flex-basis:33.33%\">\n<h2 class=\"wp-block-heading golden big\">Who are we?<\/h2>\n\n\n\n<p>Atakey Patates G\u0131da San. Tic. A.\u015e. is located in Susuz District of Afyonkarahisar province. With its leading edge and state-of-the-art machinery and equipment, it is one of the few facilities not only in the region but also in Turkey.<\/p>\n<\/div>\n<\/div>\n\n\n\n<div style=\"height:4.9em\" aria-hidden=\"true\" class=\"wp-block-spacer\"><\/div>\n\n\n\n<div data-remove=\"true\" data-id=\"sipa-content-data\" data-cats=\"anasayfa-hakkimizda-rakamlar\" data-num=\"3\" data-posttype=\"\" data-contenttype=\"just-content-inner\" data-buttontext=\"\" data-coverclass=\"circle-infobox\" data-covertag=\"div\" data-priceinclude=\"false\" data-thumbnail=\"false\" data-order=\"desc\" data-lazyload=\"false\" data-titletag=\"\" class=\"wp-block-create-block-sipa-content-block\"><\/div><!-- SIPA Content Start: just-content-inner --><div class=\"circle-infobox\"><article><div class=\"text\">\n<h3 class=\"wp-block-heading\">In Turkey We<\/h3>\n\n<p>Produce 1 out of every 5 frozen french fries<\/p>\n<\/div><\/article><article><div class=\"text\">\n<h3 class=\"wp-block-heading\">168.000m\u00b2<\/h3>\n\n<p>Land size<\/p>\n<\/div><\/article><article><div class=\"text\">\n<h3 class=\"wp-block-heading\">78.000m\u00b2<\/h3>\n\n<p>Indoors Space<\/p>\n<\/div><\/article><\/div><!-- SIPA Content end -->\n<\/div><\/section>\n\n\n\n<div id=\"patates\" class=\"wp-block-group almost-close\"><div class=\"wp-block-group__inner-container is-layout-constrained wp-block-group-is-layout-constrained\">\n<div class=\"wp-block-columns are-vertically-aligned-center is-layout-flex wp-container-core-columns-is-layout-9d6595d7 wp-block-columns-is-layout-flex\">\n<div class=\"wp-block-column is-vertically-aligned-center is-layout-flow wp-block-column-is-layout-flow\">\n<figure class=\"wp-block-image size-full\"><img loading=\"lazy\" decoding=\"async\" width=\"1346\" height=\"930\" src=\"https:\/\/atakey.sipa.web.tr\/wp-content\/uploads\/2024\/11\/patatesatakey-info.jpg\" alt=\"\" class=\"wp-image-510\"\/><\/figure>\n<\/div>\n\n\n\n<div class=\"wp-block-column is-vertically-aligned-center is-layout-flow wp-block-column-is-layout-flow\">\n<p><strong>Restoranlar\u0131m\u0131zda yedi\u011finiz, tohumlar\u0131 \u00f6zel se\u00e7ilen, k\u0131zartmaya en uygun t\u00fcrden yeti\u015ftirilen \u00e7\u0131t\u0131r \u00e7\u0131t\u0131r lezzetli patatesler, ATAKEY PATATES GIDA A.\u015e.\u2019den geliyor.<\/strong><\/p>\n\n\n\n<p>Atakey Patates is a potato factory with one of the largest production capacities in Turkey. It has advanced technology machines and an hourly raw material processing capacity of approximately 30 tons and performs professional and quality production in accordance with hygiene standards.<br><br><\/p>\n<\/div>\n<\/div>\n\n\n\n<div style=\"height:3em\" aria-hidden=\"true\" class=\"wp-block-spacer\"><\/div>\n\n\n\n<div class=\"wp-block-columns is-layout-flex wp-container-core-columns-is-layout-9d6595d7 wp-block-columns-is-layout-flex\">\n<div class=\"wp-block-column is-layout-flow wp-block-column-is-layout-flow\">\n<figure class=\"wp-block-image size-medium\"><img loading=\"lazy\" decoding=\"async\" width=\"225\" height=\"300\" src=\"https:\/\/atakey.sipa.web.tr\/wp-content\/uploads\/2024\/11\/ziraat-225x300.jpg\" alt=\"Production\" class=\"wp-image-387\" style=\"aspect-ratio:1;object-fit:cover\"\/><\/figure>\n\n\n\n<h2 class=\"wp-block-heading golden\">Production<\/h2>\n\n\n\n<p>It has advanced technology machines and a raw material capacity of approximately 30 tons per hour and performs professional and quality production in accordance with hygiene standards.<br><br><br><a href=\"https:\/\/atakey.com.tr\/uretim\/\"><\/a><\/p>\n\n\n\n<p class=\"_go\"><a href=\"https:\/\/www.atakey.com.tr\/en\/frozen-potato-production-stages\/\" data-type=\"page\" data-id=\"2424\">See More<\/a><\/p>\n<\/div>\n\n\n\n<div class=\"wp-block-column is-layout-flow wp-block-column-is-layout-flow\">\n<figure class=\"wp-block-image size-medium\"><img loading=\"lazy\" decoding=\"async\" width=\"300\" height=\"200\" src=\"https:\/\/atakey.sipa.web.tr\/wp-content\/uploads\/2024\/11\/atakey-patates-urunler-8-300x200.jpg\" alt=\"\" class=\"wp-image-417\" style=\"aspect-ratio:1;object-fit:cover\"\/><\/figure>\n\n\n\n<h2 class=\"wp-block-heading golden\">Our Products<\/h2>\n\n\n\n<p>It has advanced technology machines and a raw material capacity of approximately 30 tons per hour and performs professional and quality production in accordance with hygiene standards.<br><br><br><a href=\"https:\/\/atakey.com.tr\/uretim\/\"><\/a><\/p>\n\n\n\n<p class=\"_go\"><a href=\"https:\/\/www.atakey.com.tr\/en\/products\/\">See More<\/a><\/p>\n<\/div>\n\n\n\n<div class=\"wp-block-column is-layout-flow wp-block-column-is-layout-flow\">\n<figure class=\"wp-block-image size-medium\"><img loading=\"lazy\" decoding=\"async\" width=\"300\" height=\"225\" src=\"https:\/\/atakey.sipa.web.tr\/wp-content\/uploads\/2024\/11\/surdurulebilirlik-300x225.jpg\" alt=\"\" class=\"wp-image-336\" style=\"aspect-ratio:1;object-fit:cover\"\/><\/figure>\n\n\n\n<h2 class=\"wp-block-heading golden\">Sustainability<\/h2>\n\n\n\n<p>As of 2023, we monitor and analyze our carbon footprint by measuring our greenhouse gas emissions from our production processes and supply chain through the Supplier Leadership on Climate Transition (S-LoCT) program.<br><\/p>\n\n\n\n<p class=\"_go\"><a href=\"https:\/\/www.atakey.com.tr\/en\/sustainability\/\">See More<\/a><\/p>\n<\/div>\n\n\n\n<div class=\"wp-block-column is-layout-flow wp-block-column-is-layout-flow\">\n<figure class=\"wp-block-image size-medium\"><img loading=\"lazy\" decoding=\"async\" width=\"300\" height=\"208\" src=\"https:\/\/atakey.sipa.web.tr\/wp-content\/uploads\/2024\/11\/atakey-box-3-300x208.jpg\" alt=\"\" class=\"wp-image-515\" style=\"aspect-ratio:1;object-fit:cover\"\/><\/figure>\n\n\n\n<h2 class=\"wp-block-heading golden\">Quality Control<\/h2>\n\n\n\n<p>Physical chemical, sensory and microbiological analyzes are carried out in our quality unit. In the final product analyses, structure, length, defect, frying tests and controls such as oil, salt, coating, brix, ph etc. are carried out in the process hourly. Necessary analyses are carried out in the microbiology laboratory in accordance with the legislation.<br><a href=\"https:\/\/atakey.com.tr\/uretim\/\"><\/a><\/p>\n\n\n\n<p class=\"_go\"><a href=\"https:\/\/www.atakey.com.tr\/en\/certificates\/\" data-type=\"page\" data-id=\"1309\"> See More <\/a><\/p>\n<\/div>\n<\/div>\n<\/div><\/div>\n\n\n\n<section id=\"ne-yedigini-bil\" class=\"wp-block-group figure-overlay video almost-close\"><div class=\"wp-block-group__inner-container is-layout-constrained wp-block-group-is-layout-constrained\">\n<figure class=\"wp-block-image size-full\"><img loading=\"lazy\" decoding=\"async\" width=\"1920\" height=\"600\" src=\"https:\/\/atakey.sipa.web.tr\/wp-content\/uploads\/2024\/11\/atakey-display-v1.jpg\" alt=\"\" class=\"wp-image-496\"\/><\/figure>\n\n\n\n<div class=\"wp-block-group text\"><div class=\"wp-block-group__inner-container is-layout-constrained wp-block-group-is-layout-constrained\">\n<h2 class=\"wp-block-heading has-text-align-center has-white-color has-text-color has-link-color wp-elements-4923c9c072f9fa07b5aa78c551a9fed5\">KNOW WHAT YOU EAT!<\/h2>\n\n\n\n<p class=\"has-text-align-center _play\"><a href=\"https:\/\/youtu.be\/LDI3aPw1_ps\" target=\"_blank\" rel=\"noreferrer noopener nofollow\">Oynat<\/a><\/p>\n<\/div><\/div>\n\n\n\n<div class=\"overlay-bg\" style=\"background-color:rgba(0,0,0,.25)\"><\/div><br\/>\n<\/div><\/section>\n\n\n\n<div style=\"height:3em\" aria-hidden=\"true\" class=\"wp-block-spacer\"><\/div>\n","protected":false},"excerpt":{"rendered":"<p>Who are we? Atakey Patates G\u0131da San. Tic. A.\u015e. is located in Susuz District of Afyonkarahisar province. With its leading edge and state-of-the-art machinery and equipment, it is one of the few facilities not only in the region but also in Turkey. Restoranlar\u0131m\u0131zda yedi\u011finiz, tohumlar\u0131 \u00f6zel se\u00e7ilen, k\u0131zartmaya en uygun t\u00fcrden yeti\u015ftirilen \u00e7\u0131t\u0131r \u00e7\u0131t\u0131r lezzetli&hellip; <a class=\"more-link\" href=\"https:\/\/www.atakey.com.tr\/en\/sipaslide\/75-000m%c2%b2-indoors-space\/\">Continue reading <span class=\"screen-reader-text\">78.000m\u00b2 Indoors space<\/span><\/a><\/p>\n","protected":false},"author":1,"featured_media":0,"parent":0,"menu_order":0,"comment_status":"closed","ping_status":"closed","template":"page-homepage.php","meta":{"_acf_changed":false,"footnotes":""},"class_list":["post-1267","page","type-page","status-publish","hentry","entry"],"acf":[],"_links":{"self":[{"href":"https:\/\/www.atakey.com.tr\/en\/wp-json\/wp\/v2\/pages\/1267","targetHints":{"allow":["GET"]}}],"collection":[{"href":"https:\/\/www.atakey.com.tr\/en\/wp-json\/wp\/v2\/pages"}],"about":[{"href":"https:\/\/www.atakey.com.tr\/en\/wp-json\/wp\/v2\/types\/page"}],"author":[{"embeddable":true,"href":"https:\/\/www.atakey.com.tr\/en\/wp-json\/wp\/v2\/users\/1"}],"replies":[{"embeddable":true,"href":"https:\/\/www.atakey.com.tr\/en\/wp-json\/wp\/v2\/comments?post=1267"}],"version-history":[{"count":6,"href":"https:\/\/www.atakey.com.tr\/en\/wp-json\/wp\/v2\/pages\/1267\/revisions"}],"predecessor-version":[{"id":2745,"href":"https:\/\/www.atakey.com.tr\/en\/wp-json\/wp\/v2\/pages\/1267\/revisions\/2745"}],"wp:attachment":[{"href":"https:\/\/www.atakey.com.tr\/en\/wp-json\/wp\/v2\/media?parent=1267"}],"curies":[{"name":"wp","href":"https:\/\/api.w.org\/{rel}","templated":true}]}}