{"id":1309,"date":"2024-11-06T13:58:45","date_gmt":"2024-11-06T13:58:45","guid":{"rendered":"https:\/\/www.atakey.com.tr\/corporate-governance\/kalite\/"},"modified":"2025-07-19T10:35:03","modified_gmt":"2025-07-19T10:35:03","slug":"certificates","status":"publish","type":"page","link":"https:\/\/www.atakey.com.tr\/en\/certificates\/","title":{"rendered":"Quality"},"content":{"rendered":"\n<div class=\"wp-block-columns is-layout-flex wp-container-core-columns-is-layout-9d6595d7 wp-block-columns-is-layout-flex\">\n<div class=\"wp-block-column is-layout-flow wp-block-column-is-layout-flow\">\n<h2 class=\"wp-block-heading\">Quality Certificates<br\/><\/h2>\n\n\n\n<div data-remove=\"true\" data-id=\"sipa-content-data\" data-cats=\"kalite-sertifikalari\" data-num=\"24\" data-posttype=\"sipaslide\" data-contenttype=\"default\" data-buttontext=\"G\u00f6r\u00fcnt\u00fcle\" data-coverclass=\"grid-article grid-documents\" data-covertag=\"\" data-priceinclude=\"\" data-thumbnail=\"\" data-order=\"desc\" data-lazyload=\"\" class=\"wp-block-create-block-sipa-content-block\"><\/div><!-- SIPA Content Start: default --><div class=\"grid-article grid-documents\"><article>\n                <picture class=\"img\">\n\t\t\t\t\t\t<source media=\"(max-width: 769px)\" srcset=\"https:\/\/www.atakey.com.tr\/wp-content\/uploads\/2024\/12\/brcs.jpg\"> \n\t\t\t\t\t\t<source media=\"(min-width: 770px)\" srcset=\"https:\/\/www.atakey.com.tr\/wp-content\/uploads\/2024\/12\/brcs.jpg\">\n\t\t\t\t\t\t<img decoding=\"async\" src=\"https:\/\/www.atakey.com.tr\/wp-content\/uploads\/2024\/12\/brcs.jpg\" alt=\"BRC Certificates\">\n\t\t\t\t\t<\/picture>\n\t\t\t\t\t<div class=\"desc\">\n\t\t\t\t\t<h2>BRC Certificates<\/h2>\n\t\t\t\t\t\n\t\t\t\t\t<\/div><p class=\"_go\"><a href=\"\/wp-content\/uploads\/2025\/12\/BRCGS-5164-2025-CERTIFICATE-ATAKEY.pdf\">G\u00f6r\u00fcnt\u00fcle<\/a><\/p>\n\t\t\t\t<\/article><article>\n                <picture class=\"img\">\n\t\t\t\t\t\t<source media=\"(max-width: 769px)\" srcset=\"https:\/\/www.atakey.com.tr\/wp-content\/uploads\/2024\/12\/fsa.jpg\"> \n\t\t\t\t\t\t<source media=\"(min-width: 770px)\" srcset=\"https:\/\/www.atakey.com.tr\/wp-content\/uploads\/2024\/12\/fsa.jpg\">\n\t\t\t\t\t\t<img decoding=\"async\" src=\"https:\/\/www.atakey.com.tr\/wp-content\/uploads\/2024\/12\/fsa.jpg\" alt=\"FSA Sustainable Farming Certificate\">\n\t\t\t\t\t<\/picture>\n\t\t\t\t\t<div class=\"desc\">\n\t\t\t\t\t<h2>FSA Sustainable Farming Certificate<\/h2>\n\t\t\t\t\t\n\t\t\t\t\t<\/div><p class=\"_go\"><a href=\"\/wp-content\/uploads\/2024\/11\/4-control-union-4.pdf\">G\u00f6r\u00fcnt\u00fcle<\/a><\/p>\n\t\t\t\t<\/article><article>\n                <picture class=\"img\">\n\t\t\t\t\t\t<source media=\"(max-width: 769px)\" srcset=\"https:\/\/www.atakey.com.tr\/wp-content\/uploads\/2026\/02\/ghg.jpg\"> \n\t\t\t\t\t\t<source media=\"(min-width: 770px)\" srcset=\"https:\/\/www.atakey.com.tr\/wp-content\/uploads\/2026\/02\/ghg.jpg\">\n\t\t\t\t\t\t<img decoding=\"async\" src=\"https:\/\/www.atakey.com.tr\/wp-content\/uploads\/2026\/02\/ghg.jpg\" alt=\"GHG\">\n\t\t\t\t\t<\/picture>\n\t\t\t\t\t<div class=\"desc\">\n\t\t\t\t\t<h2>GHG<\/h2>\n\t\t\t\t\t\n\t\t\t\t\t<\/div>\n\t\t\t\t<\/article><article>\n                <picture class=\"img\">\n\t\t\t\t\t\t<source media=\"(max-width: 769px)\" srcset=\"https:\/\/www.atakey.com.tr\/wp-content\/uploads\/2024\/12\/atp-grenx.jpg\"> \n\t\t\t\t\t\t<source media=\"(min-width: 770px)\" srcset=\"https:\/\/www.atakey.com.tr\/wp-content\/uploads\/2024\/12\/atp-grenx.jpg\">\n\t\t\t\t\t\t<img decoding=\"async\" src=\"https:\/\/www.atakey.com.tr\/wp-content\/uploads\/2024\/12\/atp-grenx.jpg\" alt=\"GreenX I-REC 2024\">\n\t\t\t\t\t<\/picture>\n\t\t\t\t\t<div class=\"desc\">\n\t\t\t\t\t<h2>GreenX I-REC 2024<\/h2>\n\t\t\t\t\t\n\t\t\t\t\t<\/div><p class=\"_go\"><a href=\"https:\/\/www.atakey.com.tr\/wp-content\/uploads\/2025\/04\/Atakey-2024-GreenX-I-REC-Sertifikasi.pdf\">G\u00f6r\u00fcnt\u00fcle<\/a><\/p>\n\t\t\t\t<\/article><article>\n                <picture class=\"img\">\n\t\t\t\t\t\t<source media=\"(max-width: 769px)\" srcset=\"https:\/\/www.atakey.com.tr\/wp-content\/uploads\/2024\/12\/iso-50001.jpg\"> \n\t\t\t\t\t\t<source media=\"(min-width: 770px)\" srcset=\"https:\/\/www.atakey.com.tr\/wp-content\/uploads\/2024\/12\/iso-50001.jpg\">\n\t\t\t\t\t\t<img decoding=\"async\" src=\"https:\/\/www.atakey.com.tr\/wp-content\/uploads\/2024\/12\/iso-50001.jpg\" alt=\"ISO 50001 Energy Management System Certificate\">\n\t\t\t\t\t<\/picture>\n\t\t\t\t\t<div class=\"desc\">\n\t\t\t\t\t<h2>ISO 50001 Energy Management System Certificate<\/h2>\n\t\t\t\t\t\n\t\t\t\t\t<\/div><p class=\"_go\"><a href=\"\/wp-content\/uploads\/2025\/01\/ATAKEY-ISO-50001-TR-EN_SERTIFIKA.pdf\">G\u00f6r\u00fcnt\u00fcle<\/a><\/p>\n\t\t\t\t<\/article><article>\n                <picture class=\"img\">\n\t\t\t\t\t\t<source media=\"(max-width: 769px)\" srcset=\"https:\/\/www.atakey.com.tr\/wp-content\/uploads\/2026\/02\/45001.jpg\"> \n\t\t\t\t\t\t<source media=\"(min-width: 770px)\" srcset=\"https:\/\/www.atakey.com.tr\/wp-content\/uploads\/2026\/02\/45001.jpg\">\n\t\t\t\t\t\t<img decoding=\"async\" src=\"https:\/\/www.atakey.com.tr\/wp-content\/uploads\/2026\/02\/45001.jpg\" alt=\"ISO 45001:2018 Occupational Health and Safety Management Certificate\">\n\t\t\t\t\t<\/picture>\n\t\t\t\t\t<div class=\"desc\">\n\t\t\t\t\t<h2>ISO 45001:2018 Occupational Health and Safety Management Certificate<\/h2>\n\t\t\t\t\t\n\t\t\t\t\t<\/div><p class=\"_go\"><a href=\"https:\/\/www.atakey.com.tr\/wp-content\/uploads\/2026\/02\/45001-EN-1.pdf\">G\u00f6r\u00fcnt\u00fcle<\/a><\/p>\n\t\t\t\t<\/article><article>\n                <picture class=\"img\">\n\t\t\t\t\t\t<source media=\"(max-width: 769px)\" srcset=\"https:\/\/www.atakey.com.tr\/wp-content\/uploads\/2024\/12\/is0-14001-2015.jpg\"> \n\t\t\t\t\t\t<source media=\"(min-width: 770px)\" srcset=\"https:\/\/www.atakey.com.tr\/wp-content\/uploads\/2024\/12\/is0-14001-2015.jpg\">\n\t\t\t\t\t\t<img decoding=\"async\" src=\"https:\/\/www.atakey.com.tr\/wp-content\/uploads\/2024\/12\/is0-14001-2015.jpg\" alt=\"ISO 14001:2015 Environmental Management System Certificate\">\n\t\t\t\t\t<\/picture>\n\t\t\t\t\t<div class=\"desc\">\n\t\t\t\t\t<h2>ISO 14001:2015 Environmental Management System Certificate<\/h2>\n\t\t\t\t\t\n\t\t\t\t\t<\/div><p class=\"_go\"><a href=\"https:\/\/www.atakey.com.tr\/wp-content\/uploads\/2026\/02\/14001-EN-1.pdf\">G\u00f6r\u00fcnt\u00fcle<\/a><\/p>\n\t\t\t\t<\/article><article>\n                <picture class=\"img\">\n\t\t\t\t\t\t<source media=\"(max-width: 769px)\" srcset=\"https:\/\/www.atakey.com.tr\/wp-content\/uploads\/2024\/12\/atakey-kalite-ve-gida-guvenligi.jpg\"> \n\t\t\t\t\t\t<source media=\"(min-width: 770px)\" srcset=\"https:\/\/www.atakey.com.tr\/wp-content\/uploads\/2024\/12\/atakey-kalite-ve-gida-guvenligi.jpg\">\n\t\t\t\t\t\t<img decoding=\"async\" src=\"https:\/\/www.atakey.com.tr\/wp-content\/uploads\/2024\/12\/atakey-kalite-ve-gida-guvenligi.jpg\" alt=\"Quality and Food Safety Policy\">\n\t\t\t\t\t<\/picture>\n\t\t\t\t\t<div class=\"desc\">\n\t\t\t\t\t<h2>Quality and Food Safety Policy<\/h2>\n\t\t\t\t\t\n\t\t\t\t\t<\/div><p class=\"_go\"><a href=\"\/wp-content\/uploads\/2025\/01\/Imzali-Atakey-Surdurebilirlik-Politika_20251.pdf\">G\u00f6r\u00fcnt\u00fcle<\/a><\/p>\n\t\t\t\t<\/article><article>\n                <picture class=\"img\">\n\t\t\t\t\t\t<source media=\"(max-width: 769px)\" srcset=\"https:\/\/www.atakey.com.tr\/wp-content\/uploads\/2024\/12\/sgs.jpg\"> \n\t\t\t\t\t\t<source media=\"(min-width: 770px)\" srcset=\"https:\/\/www.atakey.com.tr\/wp-content\/uploads\/2024\/12\/sgs.jpg\">\n\t\t\t\t\t\t<img decoding=\"async\" src=\"https:\/\/www.atakey.com.tr\/wp-content\/uploads\/2024\/12\/sgs.jpg\" alt=\"Gas Emission Report (Scope 1, 2 &#038; 3)- Verification Certificate (2023)\">\n\t\t\t\t\t<\/picture>\n\t\t\t\t\t<div class=\"desc\">\n\t\t\t\t\t<h2>Gas Emission Report (Scope 1, 2 &#038; 3)- Verification Certificate (2023)<\/h2>\n\t\t\t\t\t\n\t\t\t\t\t<\/div><p class=\"_go\"><a href=\"\/wp-content\/uploads\/2024\/12\/sera-gazi-1.pdf\">G\u00f6r\u00fcnt\u00fcle<\/a><\/p>\n\t\t\t\t<\/article><article>\n                <picture class=\"img\">\n\t\t\t\t\t\t<source media=\"(max-width: 769px)\" srcset=\"https:\/\/www.atakey.com.tr\/wp-content\/uploads\/2024\/12\/sifir-atik.jpg\"> \n\t\t\t\t\t\t<source media=\"(min-width: 770px)\" srcset=\"https:\/\/www.atakey.com.tr\/wp-content\/uploads\/2024\/12\/sifir-atik.jpg\">\n\t\t\t\t\t\t<img decoding=\"async\" src=\"https:\/\/www.atakey.com.tr\/wp-content\/uploads\/2024\/12\/sifir-atik.jpg\" alt=\"Zero Waste Certificate\">\n\t\t\t\t\t<\/picture>\n\t\t\t\t\t<div class=\"desc\">\n\t\t\t\t\t<h2>Zero Waste Certificate<\/h2>\n\t\t\t\t\t\n\t\t\t\t\t<\/div><p class=\"_go\"><a href=\"\/wp-content\/uploads\/2024\/11\/5-ATAKEY_Sifir-Atik-Belgesi.pdf\">G\u00f6r\u00fcnt\u00fcle<\/a><\/p>\n\t\t\t\t<\/article><article>\n                <picture class=\"img\">\n\t\t\t\t\t\t<source media=\"(max-width: 769px)\" srcset=\"https:\/\/www.atakey.com.tr\/wp-content\/uploads\/2024\/12\/bos-cert.jpg\"> \n\t\t\t\t\t\t<source media=\"(min-width: 770px)\" srcset=\"https:\/\/www.atakey.com.tr\/wp-content\/uploads\/2024\/12\/bos-cert.jpg\">\n\t\t\t\t\t\t<img decoding=\"async\" src=\"https:\/\/www.atakey.com.tr\/wp-content\/uploads\/2024\/12\/bos-cert.jpg\" alt=\"Sustainability (RSPO) Document\">\n\t\t\t\t\t<\/picture>\n\t\t\t\t\t<div class=\"desc\">\n\t\t\t\t\t<h2>Sustainability (RSPO) Document<\/h2>\n\t\t\t\t\t\n\t\t\t\t\t<\/div><p class=\"_go\"><a href=\"\/wp-content\/uploads\/2025\/01\/RSPO-SERTIFIKA_2023.pdf\">G\u00f6r\u00fcnt\u00fcle<\/a><\/p>\n\t\t\t\t<\/article><article>\n                <picture class=\"img\">\n\t\t\t\t\t\t<source media=\"(max-width: 769px)\" srcset=\"https:\/\/www.atakey.com.tr\/wp-content\/uploads\/2024\/12\/tse-helal.jpg\"> \n\t\t\t\t\t\t<source media=\"(min-width: 770px)\" srcset=\"https:\/\/www.atakey.com.tr\/wp-content\/uploads\/2024\/12\/tse-helal.jpg\">\n\t\t\t\t\t\t<img decoding=\"async\" src=\"https:\/\/www.atakey.com.tr\/wp-content\/uploads\/2024\/12\/tse-helal.jpg\" alt=\"TSE Halal Certificate of Compliance\">\n\t\t\t\t\t<\/picture>\n\t\t\t\t\t<div class=\"desc\">\n\t\t\t\t\t<h2>TSE Halal Certificate of Compliance<\/h2>\n\t\t\t\t\t\n\t\t\t\t\t<\/div><p class=\"_go\"><a href=\"\/wp-content\/uploads\/2025\/01\/TSE-Helal-Uygunluk-Belgesi_28.08.2024.pdf\">G\u00f6r\u00fcnt\u00fcle<\/a><\/p>\n\t\t\t\t<\/article><article>\n                <picture class=\"img\">\n\t\t\t\t\t\t<source media=\"(max-width: 769px)\" srcset=\"https:\/\/www.atakey.com.tr\/wp-content\/uploads\/2024\/12\/I-rec-2024.jpg\"> \n\t\t\t\t\t\t<source media=\"(min-width: 770px)\" srcset=\"https:\/\/www.atakey.com.tr\/wp-content\/uploads\/2024\/12\/I-rec-2024.jpg\">\n\t\t\t\t\t\t<img decoding=\"async\" src=\"https:\/\/www.atakey.com.tr\/wp-content\/uploads\/2024\/12\/I-rec-2024.jpg\" alt=\"International Renewable Energy Certificate (I-REC) \u2013 2024\">\n\t\t\t\t\t<\/picture>\n\t\t\t\t\t<div class=\"desc\">\n\t\t\t\t\t<h2>International Renewable Energy Certificate (I-REC) \u2013 2024<\/h2>\n\t\t\t\t\t\n\t\t\t\t\t<\/div><p class=\"_go\"><a href=\"https:\/\/www.atakey.com.tr\/wp-content\/uploads\/2025\/04\/Atakey-2024-I-REC-Sertifikasi.pdf\">G\u00f6r\u00fcnt\u00fcle<\/a><\/p>\n\t\t\t\t<\/article><article>\n                <picture class=\"img\">\n\t\t\t\t\t\t<source media=\"(max-width: 769px)\" srcset=\"https:\/\/www.atakey.com.tr\/wp-content\/uploads\/2024\/12\/sgs.jpg\"> \n\t\t\t\t\t\t<source media=\"(min-width: 770px)\" srcset=\"https:\/\/www.atakey.com.tr\/wp-content\/uploads\/2024\/12\/sgs.jpg\">\n\t\t\t\t\t\t<img decoding=\"async\" src=\"https:\/\/www.atakey.com.tr\/wp-content\/uploads\/2024\/12\/sgs.jpg\" alt=\"VS GHG Protocol Limited ATAKEY 2024\">\n\t\t\t\t\t<\/picture>\n\t\t\t\t\t<div class=\"desc\">\n\t\t\t\t\t<h2>VS GHG Protocol Limited ATAKEY 2024<\/h2>\n\t\t\t\t\t\n\t\t\t\t\t<\/div><p class=\"_go\"><a href=\"https:\/\/www.atakey.com.tr\/wp-content\/uploads\/2025\/05\/VS_GHG-Protocol_limited_ATAKEY_2024_V3-002.pdf\">G\u00f6r\u00fcnt\u00fcle<\/a><\/p>\n\t\t\t\t<\/article><\/div><!-- SIPA Content end --><br>\n<\/div>\n<\/div>\n","protected":false},"excerpt":{"rendered":"<p>Quality Certificates<\/p>\n","protected":false},"author":2,"featured_media":397,"parent":0,"menu_order":0,"comment_status":"closed","ping_status":"closed","template":"","meta":{"_acf_changed":false,"footnotes":""},"class_list":["post-1309","page","type-page","status-publish","has-post-thumbnail","hentry","entry"],"acf":[],"_links":{"self":[{"href":"https:\/\/www.atakey.com.tr\/en\/wp-json\/wp\/v2\/pages\/1309","targetHints":{"allow":["GET"]}}],"collection":[{"href":"https:\/\/www.atakey.com.tr\/en\/wp-json\/wp\/v2\/pages"}],"about":[{"href":"https:\/\/www.atakey.com.tr\/en\/wp-json\/wp\/v2\/types\/page"}],"author":[{"embeddable":true,"href":"https:\/\/www.atakey.com.tr\/en\/wp-json\/wp\/v2\/users\/2"}],"replies":[{"embeddable":true,"href":"https:\/\/www.atakey.com.tr\/en\/wp-json\/wp\/v2\/comments?post=1309"}],"version-history":[{"count":5,"href":"https:\/\/www.atakey.com.tr\/en\/wp-json\/wp\/v2\/pages\/1309\/revisions"}],"predecessor-version":[{"id":2143,"href":"https:\/\/www.atakey.com.tr\/en\/wp-json\/wp\/v2\/pages\/1309\/revisions\/2143"}],"wp:featuredmedia":[{"embeddable":true,"href":"https:\/\/www.atakey.com.tr\/en\/wp-json\/wp\/v2\/media\/397"}],"wp:attachment":[{"href":"https:\/\/www.atakey.com.tr\/en\/wp-json\/wp\/v2\/media?parent=1309"}],"curies":[{"name":"wp","href":"https:\/\/api.w.org\/{rel}","templated":true}]}}