{"id":1347,"date":"2024-11-19T14:47:50","date_gmt":"2024-11-19T14:47:50","guid":{"rendered":"https:\/\/www.atakey.com.tr\/corporate-governance\/komiteler\/"},"modified":"2025-01-06T08:08:07","modified_gmt":"2025-01-06T08:08:07","slug":"committees","status":"publish","type":"page","link":"https:\/\/www.atakey.com.tr\/en\/corporate-governance\/committees\/","title":{"rendered":"Committees"},"content":{"rendered":"\n<div class=\"wp-block-columns is-layout-flex wp-container-core-columns-is-layout-9d6595d7 wp-block-columns-is-layout-flex\">\n<div class=\"wp-block-column is-layout-flow wp-block-column-is-layout-flow\" style=\"flex-basis:20%\"><div class=\"menu-kurumsal-yonetim-sub-en-container\"><ul id=\"menu-kurumsal-yonetim-sub-en\" class=\"sidebar-menu yatirimci-menu\"><li id=\"menu-item-1595\" class=\"menu-item menu-item-type-post_type menu-item-object-page menu-item-1595\"><a href=\"https:\/\/www.atakey.com.tr\/en\/corporate-governance\/\">CORPORATE GOVERNANCE<\/a><\/li>\n<li id=\"menu-item-1600\" class=\"menu-item menu-item-type-post_type menu-item-object-page menu-item-1600\"><a href=\"https:\/\/www.atakey.com.tr\/en\/corporate-governance\/shareholder-structure\/\">SHAREHOLDER STRUCTURE<\/a><\/li>\n<li id=\"menu-item-1598\" class=\"menu-item menu-item-type-post_type menu-item-object-page menu-item-1598\"><a href=\"https:\/\/www.atakey.com.tr\/en\/corporate-governance\/trade-registry-information\/\">TRADE REGISTRY INFORMATIONS<\/a><\/li>\n<li id=\"menu-item-1601\" class=\"menu-item menu-item-type-post_type menu-item-object-page menu-item-1601\"><a href=\"https:\/\/www.atakey.com.tr\/en\/corporate-governance\/policies\/\">POLICIES<\/a><\/li>\n<li id=\"menu-item-1749\" class=\"menu-item menu-item-type-post_type menu-item-object-page menu-item-1749\"><a href=\"https:\/\/www.atakey.com.tr\/en\/corporate-governance\/procedures\/\">PROCEDURES<\/a><\/li>\n<li id=\"menu-item-1603\" class=\"menu-item menu-item-type-post_type menu-item-object-page menu-item-1603\"><a href=\"https:\/\/www.atakey.com.tr\/en\/corporate-governance\/general-assembly\/\">GENERAL ASSEMBLY<\/a><\/li>\n<li id=\"menu-item-1599\" class=\"menu-item menu-item-type-post_type menu-item-object-page menu-item-1599\"><a href=\"https:\/\/www.atakey.com.tr\/en\/corporate-governance\/committees\/\">COMMITTEES<\/a><\/li>\n<li id=\"menu-item-2803\" class=\"menu-item menu-item-type-post_type menu-item-object-page menu-item-2803\"><a href=\"https:\/\/www.atakey.com.tr\/en\/corporate-governance\/corporate-governance-rating\/\">CORPORATE GOVERNANCE RATING<\/a><\/li>\n<li id=\"menu-item-1597\" class=\"menu-item menu-item-type-post_type menu-item-object-page menu-item-1597\"><a href=\"https:\/\/www.atakey.com.tr\/en\/corporate-governance\/corporate-governance-compliance-report\/\">CORPORATE GOVERNANCE COMPLIANCE REPORT<\/a><\/li>\n<li id=\"menu-item-1596\" class=\"menu-item menu-item-type-post_type menu-item-object-page menu-item-1596\"><a href=\"https:\/\/www.atakey.com.tr\/en\/corporate-governance\/corporate-governance-information-form\/\">CORPORATE GOVERNANCE INFORMATION FORM<\/a><\/li>\n<\/ul><\/div>\n<\/div>\n\n\n\n<div class=\"wp-block-column is-layout-flow wp-block-column-is-layout-flow\">\n<h2 class=\"wp-block-heading\"><strong>Committees<\/strong><\/h2>\n\n\n\n<div data-remove=\"true\" data-id=\"sipa-content-data\" data-cats=\"Committees\" data-num=\"999\" data-posttype=\"sipaslide\" data-contenttype=\"accordeon\" data-buttontext=\"Detaylar\" data-coverclass=\"accordeon-list\" data-covertag=\"div\" data-postid=\"\" data-priceinclude=\"false\" data-thumbnail=\"false\" data-order=\"desc\" data-lazyload=\"false\" data-childof=\"\" class=\"wp-block-create-block-sipa-content-block\"><\/div><!-- SIPA Content Start: accordeon --><div class=\"accordeon-list\"><ul data-close-siblings=\"true\" data-firstopen=\"true\" data-skypos-desktop=\"false\" data-skypos-mobile=\"true\"><li data-index--1><h2 class=\"acc-title\">Corporate Governance Committee<\/h2>\n\t\t\t\t\t\t\t\t<div class=\"desc hide\">\n\t\t\t\t\t\t\t\t\t<!-- wp:table {\"className\":\"is-style-stripes\"} -->\n<figure class=\"wp-block-table is-style-stripes\"><table class=\"has-fixed-layout\"><tbody><tr><th>NAME AND SURNAME<\/th><th><strong>TITLE<\/strong><\/th><th>ROLE<\/th><\/tr><tr><td><strong>Ay\u015fe Ay\u015fin I\u015eIKGECE<\/strong><\/td><td>Committee Chairman<\/td><td>Board Member<\/td><\/tr><tr><td><strong>Erhan CANSU<\/strong><\/td><td>Committee Member<\/td><td>Board Member<\/td><\/tr><tr><td><strong>M. Furkan \u00dcNAL<\/strong><\/td><td>Committee Member<\/td><td>Board Member<\/td><\/tr><tr><td><strong>Fulden PEHL\u0130VAN<\/strong><\/td><td>Committee Member<\/td><td>Investor Relations Director<br><a href=\"https:\/\/atakey.com.tr\/en\/documents\/committee-working-principles\/\"><\/a><\/td><\/tr><\/tbody><\/table><\/figure>\n<!-- \/wp:table -->\n\n<!-- wp:paragraph -->\n<p><a href=\"https:\/\/www.atakey.com.tr\/wp-content\/uploads\/2025\/03\/Atakey-Patates-Working-Principles-of-Corporate-Governance-Committee.pdf\" target=\"_blank\" rel=\"noreferrer noopener\"> Corporate Governance Committee Working Principles <\/a><\/p>\n<!-- \/wp:paragraph -->\n\n<!-- wp:paragraph -->\n<p><\/p>\n<!-- \/wp:paragraph -->\n\t\t\t\t\t\t\t\t<\/div><\/li><li data-index-0><h2 class=\"acc-title\">Risk Committee<\/h2>\n\t\t\t\t\t\t\t\t<div class=\"desc hide\">\n\t\t\t\t\t\t\t\t\t<!-- wp:table {\"className\":\"is-style-stripes\"} -->\n<figure class=\"wp-block-table is-style-stripes\"><table class=\"has-fixed-layout\"><tbody><tr><th>NAME AND SURNAME<\/th><th><strong>TITLE<\/strong><\/th><th>ROLE<\/th><\/tr><tr><td><strong>Halil Do\u011fan BOLAK<\/strong><\/td><td>Committee Chairman<\/td><td>Board Member<\/td><\/tr><tr><td><strong>Erhan CANSU<\/strong><\/td><td>Committee Member<\/td><td>Board Member<\/td><\/tr><tr><td><strong>M. Furkan \u00dcNAL<\/strong><\/td><td>Committee Member<\/td><td>Board Member<\/td><\/tr><\/tbody><\/table><\/figure>\n<!-- \/wp:table -->\n\n<!-- wp:paragraph -->\n<p><a href=\"https:\/\/www.atakey.com.tr\/wp-content\/uploads\/2025\/03\/Atakey-Patates-Working-Principles-of-Early-Detection-of-Risk-Committee.pdf\" target=\"_blank\" rel=\"noreferrer noopener\">Risk Committee Working Principles<\/a><\/p>\n<!-- \/wp:paragraph -->\n\n<!-- wp:paragraph -->\n<p><\/p>\n<!-- \/wp:paragraph -->\n\t\t\t\t\t\t\t\t<\/div><\/li><li data-index-1><h2 class=\"acc-title\">Audit Committee<\/h2>\n\t\t\t\t\t\t\t\t<div class=\"desc hide\">\n\t\t\t\t\t\t\t\t\t<!-- wp:table {\"className\":\"is-style-stripes\"} -->\n<figure class=\"wp-block-table is-style-stripes\"><table class=\"has-fixed-layout\"><tbody><tr><th>NAME SURNAME<\/th><th><strong><strong>ROLE<\/strong><\/strong><\/th><th><strong>ROLE<\/strong><\/th><\/tr><tr><td><strong>Halil Do\u011fan BOLAK<\/strong><\/td><td>Committee Chairman<\/td><td>Board Member<\/td><\/tr><tr><td><strong>Ay\u015fe Ay\u015fin I\u015eIKGECE<\/strong><\/td><td>Committee Member\t<\/td><td>Board Member<\/td><\/tr><\/tbody><\/table><\/figure>\n<!-- \/wp:table -->\n\n<!-- wp:paragraph -->\n<p><a href=\"https:\/\/www.atakey.com.tr\/wp-content\/uploads\/2025\/03\/Atakey-Patates-Working-Principles-of-Audit-Committee.pdf\" target=\"_blank\" rel=\"noreferrer noopener\"> Audit Committee Working Principles <\/a><\/p>\n<!-- \/wp:paragraph -->\n\n<!-- wp:paragraph -->\n<p><\/p>\n<!-- \/wp:paragraph -->\n\t\t\t\t\t\t\t\t<\/div><\/li><\/ul><\/div><!-- SIPA Content end -->\n<\/div>\n<\/div>\n","protected":false},"excerpt":{"rendered":"<p>Committees<\/p>\n","protected":false},"author":2,"featured_media":2545,"parent":1276,"menu_order":0,"comment_status":"closed","ping_status":"closed","template":"","meta":{"_acf_changed":false,"footnotes":""},"class_list":["post-1347","page","type-page","status-publish","has-post-thumbnail","hentry","entry"],"acf":[],"_links":{"self":[{"href":"https:\/\/www.atakey.com.tr\/en\/wp-json\/wp\/v2\/pages\/1347","targetHints":{"allow":["GET"]}}],"collection":[{"href":"https:\/\/www.atakey.com.tr\/en\/wp-json\/wp\/v2\/pages"}],"about":[{"href":"https:\/\/www.atakey.com.tr\/en\/wp-json\/wp\/v2\/types\/page"}],"author":[{"embeddable":true,"href":"https:\/\/www.atakey.com.tr\/en\/wp-json\/wp\/v2\/users\/2"}],"replies":[{"embeddable":true,"href":"https:\/\/www.atakey.com.tr\/en\/wp-json\/wp\/v2\/comments?post=1347"}],"version-history":[{"count":0,"href":"https:\/\/www.atakey.com.tr\/en\/wp-json\/wp\/v2\/pages\/1347\/revisions"}],"up":[{"embeddable":true,"href":"https:\/\/www.atakey.com.tr\/en\/wp-json\/wp\/v2\/pages\/1276"}],"wp:featuredmedia":[{"embeddable":true,"href":"https:\/\/www.atakey.com.tr\/en\/wp-json\/wp\/v2\/media\/2545"}],"wp:attachment":[{"href":"https:\/\/www.atakey.com.tr\/en\/wp-json\/wp\/v2\/media?parent=1347"}],"curies":[{"name":"wp","href":"https:\/\/api.w.org\/{rel}","templated":true}]}}