{"id":1439,"date":"2024-11-03T13:50:31","date_gmt":"2024-11-03T13:50:31","guid":{"rendered":"https:\/\/www.atakey.com.tr\/investor-relations\/halka-arz-bilgileri\/"},"modified":"2025-01-06T11:42:02","modified_gmt":"2025-01-06T11:42:02","slug":"public-offering-information","status":"publish","type":"page","link":"https:\/\/www.atakey.com.tr\/en\/investor-relations\/public-offering-information\/","title":{"rendered":"Public Offering Information"},"content":{"rendered":"\n<div class=\"wp-block-columns is-layout-flex wp-container-core-columns-is-layout-9d6595d7 wp-block-columns-is-layout-flex\">\n<div class=\"wp-block-column is-layout-flow wp-block-column-is-layout-flow\" style=\"flex-basis:20%\"><div class=\"menu-yatirim-sub-en-container\"><ul id=\"menu-yatirim-sub-en\" class=\"sidebar-menu yatirimci-menu\"><li id=\"menu-item-1604\" class=\"menu-item menu-item-type-post_type menu-item-object-page menu-item-1604\"><a href=\"https:\/\/www.atakey.com.tr\/en\/investor-relations\/share-information\/\">SHARE INFORMATION<\/a><\/li>\n<li id=\"menu-item-1605\" class=\"menu-item menu-item-type-post_type menu-item-object-page menu-item-1605\"><a href=\"https:\/\/www.atakey.com.tr\/en\/investor-relations\/financial-information\/\">FINANCIAL INFORMATION<\/a><\/li>\n<li id=\"menu-item-1606\" class=\"menu-item menu-item-type-post_type menu-item-object-page menu-item-1606\"><a href=\"https:\/\/www.atakey.com.tr\/en\/investor-relations\/investor-presentation\/\">INVESTOR PRESENTATIONS<\/a><\/li>\n<li id=\"menu-item-2802\" class=\"menu-item menu-item-type-post_type menu-item-object-page menu-item-2802\"><a href=\"https:\/\/www.atakey.com.tr\/en\/investor-relations\/credit-rating\/\">CREDIT RATING<\/a><\/li>\n<li id=\"menu-item-1607\" class=\"menu-item menu-item-type-post_type menu-item-object-page menu-item-1607\"><a href=\"https:\/\/www.atakey.com.tr\/en\/investor-relations\/public-disclosure-announcements\/\">PUBLIC DISCLOSURE ANNOUNCEMENTS<\/a><\/li>\n<li id=\"menu-item-1608\" class=\"menu-item menu-item-type-post_type menu-item-object-page menu-item-1608\"><a href=\"https:\/\/www.atakey.com.tr\/en\/investor-relations\/public-offering-information\/\">PUBLIC OFFERING INFORMATION<\/a><\/li>\n<li id=\"menu-item-1609\" class=\"menu-item menu-item-type-post_type menu-item-object-page menu-item-1609\"><a href=\"https:\/\/www.atakey.com.tr\/en\/investor-relations\/investor-relations-department\/\">INVESTOR RELATIONS DEPARTMENT<\/a><\/li>\n<\/ul><\/div>\n<\/div>\n\n\n\n<div class=\"wp-block-column is-layout-flow wp-block-column-is-layout-flow\">\n<h2 class=\"wp-block-heading\">Atakey Potato Food Industry. and Trade. Inc.<\/h2>\n\n\n\n<figure class=\"wp-block-table is-style-stripes\"><table class=\"has-fixed-layout\"><tbody><tr><td><strong>Public Offering Date<\/strong>:<\/td><td>19-20-21 July 2023<\/td><\/tr><tr><td><strong>Public Offering Price\/Range:<\/strong><\/td><td>39,50 TL<\/td><\/tr><tr><td><strong>Distribution Method:<\/strong><\/td><td>Equal Distribution<\/td><\/tr><tr><td><strong>Share:<\/strong><\/td><td>28.224.000 Lots<\/td><\/tr><tr><td><strong>Brokerage Institution:<\/strong><\/td><td>\u0130\u015f Yat\u0131r\u0131m Menkul De\u011ferler A.\u015e.<\/td><\/tr><tr><td><strong>Share in Actual Circulation:<\/strong><\/td><td>28.223.054 Lots<\/td><\/tr><tr><td><strong>Share Ratio in Actual Circulation:<\/strong><\/td><td>%20,33<\/td><\/tr><tr><td><strong>B\u0130ST Code:<\/strong><\/td><td>ATAKP<\/td><\/tr><tr><td><strong>Market:<\/strong><\/td><td>BIST STAR<\/td><\/tr><tr><td><strong>BIST First Transaction Date:<\/strong><\/td><td>27 July 2023<\/td><\/tr><\/tbody><\/table><\/figure>\n\n\n\n<div data-remove=\"true\" data-id=\"sipa-content-data\" data-num=\"999\" data-posttype=\"page\" data-contenttype=\"accordeon\" data-buttontext=\"Detaylar\" data-coverclass=\"accordeon-list\" data-covertag=\"div\" data-priceinclude=\"false\" data-thumbnail=\"false\" data-order=\"desc\" data-lazyload=\"false\" data-childof=\"current\" class=\"wp-block-create-block-sipa-content-block\"><\/div><!-- SIPA Content Start: accordeon --><div class=\"accordeon-list\" data-perpage=\"999\" data-current-pageid=\"1439\"><ul data-close-siblings=\"true\" data-firstopen=\"true\" data-skypos-desktop=\"false\" data-skypos-mobile=\"true\" data-perpage=\"999\" data-current-pageid=\"1439\"><li data-index--1><h2 class=\"acc-title\">Prospectus and Annexes<\/h2><div class=\"desc hide\">\n\t\t\t\t\t\t\t\t\t\t<ol class=\"document-library\"><li class=\"no-file\"><h3><i class=\"atico icon-folder-empty\"><\/i> Prospectus and Annexes<\/h3><\/li><li><h3><i class=\"atico icon-folder-empty\"><\/i> Prospectus<\/h3><p class=\"actions\"><a href=\"https:\/\/www.atakey.com.tr\/wp-content\/uploads\/2024\/11\/atakey-izahname-13-07-2023.pdf\" target=\"_blank\" title=\"atakey-izahname-13-07-2023\"><i class=\"atico icon-down\"><\/i> Download<\/a> <a class=\"dflip-view\" href=\"#flip-264-2\" data-skyto><i class=\"atico icon-doc\"><\/i> View<\/a><\/p><div class=\"flip-placeholder\" id=\"flip-264-2\"><\/div><ul class=\"dFlip-list\"><li><div class=\"_df_book df-container df-loading \"  data-title=\"\" id=\"df_rand1666208705\" data-df-option=\"df_option_rand1666208705\" data-source=\"https:\/\/www.atakey.com.tr\/wp-content\/uploads\/2024\/11\/atakey-izahname-13-07-2023.pdf\" ><\/div><script class=\"df-shortcode-script\" nowprocket type=\"application\/javascript\">window.df_option_rand1666208705 = {\"source\":\"https:\\\/\\\/www.atakey.com.tr\\\/wp-content\\\/uploads\\\/2024\\\/11\\\/atakey-izahname-13-07-2023.pdf\",\"id\":\"rand1666208705\"}; if(window.DFLIP && window.DFLIP.parseBooks){window.DFLIP.parseBooks();}<\/script><\/li><\/ul><\/li><li><h3><i class=\"atico icon-folder-empty\"><\/i> ANNEX-1 Company Articles of Association<\/h3><p class=\"actions\"><a href=\"https:\/\/www.atakey.com.tr\/wp-content\/uploads\/2024\/11\/Ek-1-revize.pdf\" target=\"_blank\" title=\"Ek-1-revize\"><i class=\"atico icon-down\"><\/i> Download<\/a> <a class=\"dflip-view\" href=\"#flip-266-3\" data-skyto><i class=\"atico icon-doc\"><\/i> View<\/a><\/p><div class=\"flip-placeholder\" id=\"flip-266-3\"><\/div><ul class=\"dFlip-list\"><li><div class=\"_df_book df-container df-loading \"  data-title=\"\" id=\"df_rand669454541\" data-df-option=\"df_option_rand669454541\" data-source=\"https:\/\/www.atakey.com.tr\/wp-content\/uploads\/2024\/11\/Ek-1-revize.pdf\" ><\/div><script class=\"df-shortcode-script\" nowprocket type=\"application\/javascript\">window.df_option_rand669454541 = {\"source\":\"https:\\\/\\\/www.atakey.com.tr\\\/wp-content\\\/uploads\\\/2024\\\/11\\\/Ek-1-revize.pdf\",\"id\":\"rand669454541\"}; if(window.DFLIP && window.DFLIP.parseBooks){window.DFLIP.parseBooks();}<\/script><\/li><\/ul><\/li><li><h3><i class=\"atico icon-folder-empty\"><\/i> ANNEX-2 Company Board of Directors Internal Directive<\/h3><p class=\"actions\"><a href=\"https:\/\/www.atakey.com.tr\/wp-content\/uploads\/2024\/11\/EK_2_sirket_yonetim_kurulu_ic_yonergesi.pdf\" target=\"_blank\" title=\"EK_2_sirket_yonetim_kurulu_ic_yonergesi\"><i class=\"atico icon-down\"><\/i> Download<\/a> <a class=\"dflip-view\" href=\"#flip-268-4\" data-skyto><i class=\"atico icon-doc\"><\/i> View<\/a><\/p><div class=\"flip-placeholder\" id=\"flip-268-4\"><\/div><ul class=\"dFlip-list\"><li><div class=\"_df_book df-container df-loading \"  data-title=\"\" id=\"df_rand37287113\" data-df-option=\"df_option_rand37287113\" data-source=\"https:\/\/www.atakey.com.tr\/wp-content\/uploads\/2024\/11\/EK_2_sirket_yonetim_kurulu_ic_yonergesi.pdf\" ><\/div><script class=\"df-shortcode-script\" nowprocket type=\"application\/javascript\">window.df_option_rand37287113 = {\"source\":\"https:\\\/\\\/www.atakey.com.tr\\\/wp-content\\\/uploads\\\/2024\\\/11\\\/EK_2_sirket_yonetim_kurulu_ic_yonergesi.pdf\",\"id\":\"rand37287113\"}; if(window.DFLIP && window.DFLIP.parseBooks){window.DFLIP.parseBooks();}<\/script><\/li><\/ul><\/li><li><h3><i class=\"atico icon-folder-empty\"><\/i> ANNEX-3 Independant Auditor Report<\/h3><p class=\"actions\"><a href=\"https:\/\/www.atakey.com.tr\/wp-content\/uploads\/2024\/11\/EK_3_-Bagimsiz_Denetim_Raporlari.pdf\" target=\"_blank\" title=\"EK_3_-Bagimsiz_Denetim_Raporlari\"><i class=\"atico icon-down\"><\/i> Download<\/a> <a class=\"dflip-view\" href=\"#flip-270-5\" data-skyto><i class=\"atico icon-doc\"><\/i> View<\/a><\/p><div class=\"flip-placeholder\" id=\"flip-270-5\"><\/div><ul class=\"dFlip-list\"><li><div class=\"_df_book df-container df-loading \"  data-title=\"\" id=\"df_rand1904433886\" data-df-option=\"df_option_rand1904433886\" data-source=\"https:\/\/www.atakey.com.tr\/wp-content\/uploads\/2024\/11\/EK_3_-Bagimsiz_Denetim_Raporlari.pdf\" ><\/div><script class=\"df-shortcode-script\" nowprocket type=\"application\/javascript\">window.df_option_rand1904433886 = {\"source\":\"https:\\\/\\\/www.atakey.com.tr\\\/wp-content\\\/uploads\\\/2024\\\/11\\\/EK_3_-Bagimsiz_Denetim_Raporlari.pdf\",\"id\":\"rand1904433886\"}; if(window.DFLIP && window.DFLIP.parseBooks){window.DFLIP.parseBooks();}<\/script><\/li><\/ul><\/li><li><h3><i class=\"atico icon-folder-empty\"><\/i> ANNEX-4 Auditor Responsibility Statement<\/h3><p class=\"actions\"><a href=\"https:\/\/www.atakey.com.tr\/wp-content\/uploads\/2024\/11\/EK_4_Denet_-Sorumluluk_Beyani.pdf\" target=\"_blank\" title=\"EK_4_Denet_-Sorumluluk_Beyani\"><i class=\"atico icon-down\"><\/i> Download<\/a> <a class=\"dflip-view\" href=\"#flip-272-6\" data-skyto><i class=\"atico icon-doc\"><\/i> View<\/a><\/p><div class=\"flip-placeholder\" id=\"flip-272-6\"><\/div><ul class=\"dFlip-list\"><li><div class=\"_df_book df-container df-loading \"  data-title=\"\" id=\"df_rand1854805742\" data-df-option=\"df_option_rand1854805742\" data-source=\"https:\/\/www.atakey.com.tr\/wp-content\/uploads\/2024\/11\/EK_4_Denet_-Sorumluluk_Beyani.pdf\" ><\/div><script class=\"df-shortcode-script\" nowprocket type=\"application\/javascript\">window.df_option_rand1854805742 = {\"source\":\"https:\\\/\\\/www.atakey.com.tr\\\/wp-content\\\/uploads\\\/2024\\\/11\\\/EK_4_Denet_-Sorumluluk_Beyani.pdf\",\"id\":\"rand1854805742\"}; if(window.DFLIP && window.DFLIP.parseBooks){window.DFLIP.parseBooks();}<\/script><\/li><\/ul><\/li><li><h3><i class=\"atico icon-folder-empty\"><\/i> ANNEX-5 Legal Opinion<\/h3><p class=\"actions\"><a href=\"https:\/\/www.atakey.com.tr\/wp-content\/uploads\/2024\/11\/EK_5_Hukukcu_-Raporu.pdf\" target=\"_blank\" title=\"EK_5_Hukukcu_-Raporu\"><i class=\"atico icon-down\"><\/i> Download<\/a> <a class=\"dflip-view\" href=\"#flip-274-7\" data-skyto><i class=\"atico icon-doc\"><\/i> View<\/a><\/p><div class=\"flip-placeholder\" id=\"flip-274-7\"><\/div><ul class=\"dFlip-list\"><li><div class=\"_df_book df-container df-loading \"  data-title=\"\" id=\"df_rand215071527\" data-df-option=\"df_option_rand215071527\" data-source=\"https:\/\/www.atakey.com.tr\/wp-content\/uploads\/2024\/11\/EK_5_Hukukcu_-Raporu.pdf\" ><\/div><script class=\"df-shortcode-script\" nowprocket type=\"application\/javascript\">window.df_option_rand215071527 = {\"source\":\"https:\\\/\\\/www.atakey.com.tr\\\/wp-content\\\/uploads\\\/2024\\\/11\\\/EK_5_Hukukcu_-Raporu.pdf\",\"id\":\"rand215071527\"}; if(window.DFLIP && window.DFLIP.parseBooks){window.DFLIP.parseBooks();}<\/script><\/li><\/ul><\/li><li><h3><i class=\"atico icon-folder-empty\"><\/i> ANNEX-6 Use of Funds Report<\/h3><p class=\"actions\"><a href=\"https:\/\/www.atakey.com.tr\/wp-content\/uploads\/2024\/11\/EK_6_Fon_kullanim_raporu_ykk_sirket.pdf\" target=\"_blank\" title=\"EK_6_Fon_kullanim_raporu_ykk_sirket\"><i class=\"atico icon-down\"><\/i> Download<\/a> <a class=\"dflip-view\" href=\"#flip-276-8\" data-skyto><i class=\"atico icon-doc\"><\/i> View<\/a><\/p><div class=\"flip-placeholder\" id=\"flip-276-8\"><\/div><ul class=\"dFlip-list\"><li><div class=\"_df_book df-container df-loading \"  data-title=\"\" id=\"df_rand860274211\" data-df-option=\"df_option_rand860274211\" data-source=\"https:\/\/www.atakey.com.tr\/wp-content\/uploads\/2024\/11\/EK_6_Fon_kullanim_raporu_ykk_sirket.pdf\" ><\/div><script class=\"df-shortcode-script\" nowprocket type=\"application\/javascript\">window.df_option_rand860274211 = {\"source\":\"https:\\\/\\\/www.atakey.com.tr\\\/wp-content\\\/uploads\\\/2024\\\/11\\\/EK_6_Fon_kullanim_raporu_ykk_sirket.pdf\",\"id\":\"rand860274211\"}; if(window.DFLIP && window.DFLIP.parseBooks){window.DFLIP.parseBooks();}<\/script><\/li><\/ul><\/li><li><h3><i class=\"atico icon-folder-empty\"><\/i> APPENDIX-7 Machinery Equipment Valuation and Real Estate Valuation Report dated January 16, 2023<\/h3><p class=\"actions\"><a href=\"https:\/\/www.atakey.com.tr\/wp-content\/uploads\/2024\/11\/EK_7_16_Ocak_2023_tarihli_Makine_Ekipman_Degerleme_Raporu_ve_Tasinmaz_Degerleme_Raporu.pdf\" target=\"_blank\" title=\"EK_7_16_Ocak_2023_tarihli_Makine_Ekipman_Degerleme_Raporu_ve_Tasinmaz_Degerleme_Raporu\"><i class=\"atico icon-down\"><\/i> Download<\/a> <a class=\"dflip-view\" href=\"#flip-278-9\" data-skyto><i class=\"atico icon-doc\"><\/i> View<\/a><\/p><div class=\"flip-placeholder\" id=\"flip-278-9\"><\/div><ul class=\"dFlip-list\"><li><div class=\"_df_book df-container df-loading \"  data-title=\"\" id=\"df_rand1280428788\" data-df-option=\"df_option_rand1280428788\" data-source=\"https:\/\/www.atakey.com.tr\/wp-content\/uploads\/2024\/11\/EK_7_16_Ocak_2023_tarihli_Makine_Ekipman_Degerleme_Raporu_ve_Tasinmaz_Degerleme_Raporu.pdf\" ><\/div><script class=\"df-shortcode-script\" nowprocket type=\"application\/javascript\">window.df_option_rand1280428788 = {\"source\":\"https:\\\/\\\/www.atakey.com.tr\\\/wp-content\\\/uploads\\\/2024\\\/11\\\/EK_7_16_Ocak_2023_tarihli_Makine_Ekipman_Degerleme_Raporu_ve_Tasinmaz_Degerleme_Raporu.pdf\",\"id\":\"rand1280428788\"}; if(window.DFLIP && window.DFLIP.parseBooks){window.DFLIP.parseBooks();}<\/script><\/li><\/ul><\/li><li><h3><i class=\"atico icon-folder-empty\"><\/i> ANNEX-8 Company Valuation Responsibility Statement<\/h3><p class=\"actions\"><a href=\"https:\/\/www.atakey.com.tr\/wp-content\/uploads\/2024\/11\/doc05830520230815141701.pdf\" target=\"_blank\" title=\"doc05830520230815141701\"><i class=\"atico icon-down\"><\/i> Download<\/a> <a class=\"dflip-view\" href=\"#flip-280-10\" data-skyto><i class=\"atico icon-doc\"><\/i> View<\/a><\/p><div class=\"flip-placeholder\" id=\"flip-280-10\"><\/div><ul class=\"dFlip-list\"><li><div class=\"_df_book df-container df-loading \"  data-title=\"\" id=\"df_rand861998407\" data-df-option=\"df_option_rand861998407\" data-source=\"https:\/\/www.atakey.com.tr\/wp-content\/uploads\/2024\/11\/doc05830520230815141701.pdf\" ><\/div><script class=\"df-shortcode-script\" nowprocket type=\"application\/javascript\">window.df_option_rand861998407 = {\"source\":\"https:\\\/\\\/www.atakey.com.tr\\\/wp-content\\\/uploads\\\/2024\\\/11\\\/doc05830520230815141701.pdf\",\"id\":\"rand861998407\"}; if(window.DFLIP && window.DFLIP.parseBooks){window.DFLIP.parseBooks();}<\/script><\/li><\/ul><\/li><\/ol>\n\t\t\t\t\t\t\t\t\t<\/div><\/li><li data-index-0><h2 class=\"acc-title\">Sale Announcement to Investors<\/h2><div class=\"desc hide\">\n\t\t\t\t\t\t\t\t\t\t<ol class=\"document-library\"><li><h3><i class=\"atico icon-folder-empty\"><\/i> Sale Announcement to Investors<\/h3><p class=\"actions\"><a href=\"https:\/\/www.atakey.com.tr\/wp-content\/uploads\/2024\/11\/Tasarruf-Sahiplerine-Satis-Duyurusu.pdf\" target=\"_blank\" title=\"Tasarruf-Sahiplerine-Satis-Duyurusu\"><i class=\"atico icon-down\"><\/i> Download<\/a> <a class=\"dflip-view\" href=\"#flip-304-1\" data-skyto><i class=\"atico icon-doc\"><\/i> View<\/a><\/p><div class=\"flip-placeholder\" id=\"flip-304-1\"><\/div><ul class=\"dFlip-list\"><li><div class=\"_df_book df-container df-loading \"  data-title=\"\" id=\"df_rand48313392\" data-df-option=\"df_option_rand48313392\" data-source=\"https:\/\/www.atakey.com.tr\/wp-content\/uploads\/2024\/11\/Tasarruf-Sahiplerine-Satis-Duyurusu.pdf\" ><\/div><script class=\"df-shortcode-script\" nowprocket type=\"application\/javascript\">window.df_option_rand48313392 = {\"source\":\"https:\\\/\\\/www.atakey.com.tr\\\/wp-content\\\/uploads\\\/2024\\\/11\\\/Tasarruf-Sahiplerine-Satis-Duyurusu.pdf\",\"id\":\"rand48313392\"}; if(window.DFLIP && window.DFLIP.parseBooks){window.DFLIP.parseBooks();}<\/script><\/li><\/ul><\/li><\/ol>\n\t\t\t\t\t\t\t\t\t<\/div><\/li><li data-index-1><h2 class=\"acc-title\">Price Determination Evaluation Reports<\/h2><div class=\"desc hide\">\n\t\t\t\t\t\t\t\t\t\t<ol class=\"document-library\"><li class=\"no-file\"><h3><i class=\"atico icon-folder-empty\"><\/i> Reports<\/h3><\/li><li><h3><i class=\"atico icon-folder-empty\"><\/i> Evaluation on Price Determination Report - 31.12.2024<\/h3><p class=\"actions\"><a href=\"https:\/\/www.atakey.com.tr\/wp-content\/uploads\/2025\/03\/Atakey-Evaluation-on-Price-determination-Report_31.12.2024.pdf\" target=\"_blank\" title=\"Atakey Evaluation on Price determination Report_31.12.2024\"><i class=\"atico icon-down\"><\/i> Download<\/a> <a class=\"dflip-view\" href=\"#flip-1833-2\" data-skyto><i class=\"atico icon-doc\"><\/i> View<\/a><\/p><div class=\"flip-placeholder\" id=\"flip-1833-2\"><\/div><ul class=\"dFlip-list\"><li><div class=\"_df_book df-container df-loading \"  data-title=\"\" id=\"df_rand2043481239\" data-df-option=\"df_option_rand2043481239\" data-source=\"https:\/\/www.atakey.com.tr\/wp-content\/uploads\/2025\/03\/Atakey-Evaluation-on-Price-determination-Report_31.12.2024.pdf\" ><\/div><script class=\"df-shortcode-script\" nowprocket type=\"application\/javascript\">window.df_option_rand2043481239 = {\"source\":\"https:\\\/\\\/www.atakey.com.tr\\\/wp-content\\\/uploads\\\/2025\\\/03\\\/Atakey-Evaluation-on-Price-determination-Report_31.12.2024.pdf\",\"id\":\"rand2043481239\"}; if(window.DFLIP && window.DFLIP.parseBooks){window.DFLIP.parseBooks();}<\/script><\/li><\/ul><\/li><li><h3><i class=\"atico icon-folder-empty\"><\/i> Evaluation on Price Determination Report - 30.09.2024<\/h3><p class=\"actions\"><a href=\"https:\/\/www.atakey.com.tr\/wp-content\/uploads\/2025\/01\/Atakey-Evaluation-of-the-Assumptions-Used-In-IPO-Price-30.09.2024.pdf\" target=\"_blank\" title=\"Atakey-Evaluation-of-the-Assumptions-Used-In-IPO-Price-30.09.2024\"><i class=\"atico icon-down\"><\/i> Download<\/a> <a class=\"dflip-view\" href=\"#flip-1466-3\" data-skyto><i class=\"atico icon-doc\"><\/i> View<\/a><\/p><div class=\"flip-placeholder\" id=\"flip-1466-3\"><\/div><ul class=\"dFlip-list\"><li><div class=\"_df_book df-container df-loading \"  data-title=\"\" id=\"df_rand567994474\" data-df-option=\"df_option_rand567994474\" data-source=\"https:\/\/www.atakey.com.tr\/wp-content\/uploads\/2025\/01\/Atakey-Evaluation-of-the-Assumptions-Used-In-IPO-Price-30.09.2024.pdf\" ><\/div><script class=\"df-shortcode-script\" nowprocket type=\"application\/javascript\">window.df_option_rand567994474 = {\"source\":\"https:\\\/\\\/www.atakey.com.tr\\\/wp-content\\\/uploads\\\/2025\\\/01\\\/Atakey-Evaluation-of-the-Assumptions-Used-In-IPO-Price-30.09.2024.pdf\",\"id\":\"rand567994474\"}; if(window.DFLIP && window.DFLIP.parseBooks){window.DFLIP.parseBooks();}<\/script><\/li><\/ul><\/li><li><h3><i class=\"atico icon-folder-empty\"><\/i> Evaluation on Price Determination Report \u2013 30.06.2024<\/h3><p class=\"actions\"><a href=\"https:\/\/www.atakey.com.tr\/wp-content\/uploads\/2025\/01\/Atakey-Evaluation-of-the-Assumptions-Used-In-IPO-Price-30.06.2024.pdf\" target=\"_blank\" title=\"Atakey-Evaluation-of-the-Assumptions-Used-In-IPO-Price-30.06.2024\"><i class=\"atico icon-down\"><\/i> Download<\/a> <a class=\"dflip-view\" href=\"#flip-1464-4\" data-skyto><i class=\"atico icon-doc\"><\/i> View<\/a><\/p><div class=\"flip-placeholder\" id=\"flip-1464-4\"><\/div><ul class=\"dFlip-list\"><li><div class=\"_df_book df-container df-loading \"  data-title=\"\" id=\"df_rand232818207\" data-df-option=\"df_option_rand232818207\" data-source=\"https:\/\/www.atakey.com.tr\/wp-content\/uploads\/2025\/01\/Atakey-Evaluation-of-the-Assumptions-Used-In-IPO-Price-30.06.2024.pdf\" ><\/div><script class=\"df-shortcode-script\" nowprocket type=\"application\/javascript\">window.df_option_rand232818207 = {\"source\":\"https:\\\/\\\/www.atakey.com.tr\\\/wp-content\\\/uploads\\\/2025\\\/01\\\/Atakey-Evaluation-of-the-Assumptions-Used-In-IPO-Price-30.06.2024.pdf\",\"id\":\"rand232818207\"}; if(window.DFLIP && window.DFLIP.parseBooks){window.DFLIP.parseBooks();}<\/script><\/li><\/ul><\/li><li><h3><i class=\"atico icon-folder-empty\"><\/i> Evaluation on Price Determination Report \u2013 31.12.2023<\/h3><p class=\"actions\"><a href=\"https:\/\/www.atakey.com.tr\/wp-content\/uploads\/2025\/01\/Atakey-Fiyat-Tespit-Raporu-Degerlendirme-31-12-2023.pdf\" target=\"_blank\" title=\"Atakey-Fiyat-Tespit-Raporu-Degerlendirme-31-12-2023\"><i class=\"atico icon-down\"><\/i> Download<\/a> <a class=\"dflip-view\" href=\"#flip-1454-5\" data-skyto><i class=\"atico icon-doc\"><\/i> View<\/a><\/p><div class=\"flip-placeholder\" id=\"flip-1454-5\"><\/div><ul class=\"dFlip-list\"><li><div class=\"_df_book df-container df-loading \"  data-title=\"\" id=\"df_rand2146007952\" data-df-option=\"df_option_rand2146007952\" data-source=\"https:\/\/www.atakey.com.tr\/wp-content\/uploads\/2025\/01\/Atakey-Fiyat-Tespit-Raporu-Degerlendirme-31-12-2023.pdf\" ><\/div><script class=\"df-shortcode-script\" nowprocket type=\"application\/javascript\">window.df_option_rand2146007952 = {\"source\":\"https:\\\/\\\/www.atakey.com.tr\\\/wp-content\\\/uploads\\\/2025\\\/01\\\/Atakey-Fiyat-Tespit-Raporu-Degerlendirme-31-12-2023.pdf\",\"id\":\"rand2146007952\"}; if(window.DFLIP && window.DFLIP.parseBooks){window.DFLIP.parseBooks();}<\/script><\/li><\/ul><\/li><li><h3><i class=\"atico icon-folder-empty\"><\/i> Evaluation on Price Determination Report \u2013 30.09.2023<\/h3><p class=\"actions\"><a href=\"https:\/\/www.atakey.com.tr\/wp-content\/uploads\/2025\/01\/Atakey-Fiyat-Tespit-Raporu-Gerceklesme-ve-Degerlendirme-Raporu-30.09.2023.pdf\" target=\"_blank\" title=\"Atakey-Fiyat-Tespit-Raporu-Gerceklesme-ve-Degerlendirme-Raporu-30.09.2023\"><i class=\"atico icon-down\"><\/i> Download<\/a> <a class=\"dflip-view\" href=\"#flip-1452-6\" data-skyto><i class=\"atico icon-doc\"><\/i> View<\/a><\/p><div class=\"flip-placeholder\" id=\"flip-1452-6\"><\/div><ul class=\"dFlip-list\"><li><div class=\"_df_book df-container df-loading \"  data-title=\"\" id=\"df_rand1136176396\" data-df-option=\"df_option_rand1136176396\" data-source=\"https:\/\/www.atakey.com.tr\/wp-content\/uploads\/2025\/01\/Atakey-Fiyat-Tespit-Raporu-Gerceklesme-ve-Degerlendirme-Raporu-30.09.2023.pdf\" ><\/div><script class=\"df-shortcode-script\" nowprocket type=\"application\/javascript\">window.df_option_rand1136176396 = {\"source\":\"https:\\\/\\\/www.atakey.com.tr\\\/wp-content\\\/uploads\\\/2025\\\/01\\\/Atakey-Fiyat-Tespit-Raporu-Gerceklesme-ve-Degerlendirme-Raporu-30.09.2023.pdf\",\"id\":\"rand1136176396\"}; if(window.DFLIP && window.DFLIP.parseBooks){window.DFLIP.parseBooks();}<\/script><\/li><\/ul><\/li><li><h3><i class=\"atico icon-folder-empty\"><\/i> Evaluation on Price Determination Report \u2013 30.06.2023<\/h3><p class=\"actions\"><a href=\"https:\/\/www.atakey.com.tr\/wp-content\/uploads\/2025\/01\/Fiyat-Tespit-Degerlendirme-Raporlari-2023-6.pdf\" target=\"_blank\" title=\"Fiyat-Tespit-Degerlendirme-Raporlari-2023-6\"><i class=\"atico icon-down\"><\/i> Download<\/a> <a class=\"dflip-view\" href=\"#flip-1449-7\" data-skyto><i class=\"atico icon-doc\"><\/i> View<\/a><\/p><div class=\"flip-placeholder\" id=\"flip-1449-7\"><\/div><ul class=\"dFlip-list\"><li><div class=\"_df_book df-container df-loading \"  data-title=\"\" id=\"df_rand1184748896\" data-df-option=\"df_option_rand1184748896\" data-source=\"https:\/\/www.atakey.com.tr\/wp-content\/uploads\/2025\/01\/Fiyat-Tespit-Degerlendirme-Raporlari-2023-6.pdf\" ><\/div><script class=\"df-shortcode-script\" nowprocket type=\"application\/javascript\">window.df_option_rand1184748896 = {\"source\":\"https:\\\/\\\/www.atakey.com.tr\\\/wp-content\\\/uploads\\\/2025\\\/01\\\/Fiyat-Tespit-Degerlendirme-Raporlari-2023-6.pdf\",\"id\":\"rand1184748896\"}; if(window.DFLIP && window.DFLIP.parseBooks){window.DFLIP.parseBooks();}<\/script><\/li><\/ul><\/li><\/ol>\n\t\t\t\t\t\t\t\t\t<\/div><\/li><li data-index-2><h2 class=\"acc-title\">Board Resolution on the Use of IPO Funds<\/h2><div class=\"desc hide\">\n\t\t\t\t\t\t\t\t\t\t<ol class=\"document-library\"><li><h3><i class=\"atico icon-folder-empty\"><\/i> Board Resolution on the Use of IPO Funds<\/h3><p class=\"actions\"><a href=\"https:\/\/www.atakey.com.tr\/wp-content\/uploads\/2024\/11\/Fon-kullanim-raporu-ykk-sirket-noterli.pdf\" target=\"_blank\" title=\"Fon-kullanim-raporu-ykk-sirket-noterli\"><i class=\"atico icon-down\"><\/i> Download<\/a> <a class=\"dflip-view\" href=\"#flip-314-1\" data-skyto><i class=\"atico icon-doc\"><\/i> View<\/a><\/p><div class=\"flip-placeholder\" id=\"flip-314-1\"><\/div><ul class=\"dFlip-list\"><li><div class=\"_df_book df-container df-loading \"  data-title=\"\" id=\"df_rand1756111823\" data-df-option=\"df_option_rand1756111823\" data-source=\"https:\/\/www.atakey.com.tr\/wp-content\/uploads\/2024\/11\/Fon-kullanim-raporu-ykk-sirket-noterli.pdf\" ><\/div><script class=\"df-shortcode-script\" nowprocket type=\"application\/javascript\">window.df_option_rand1756111823 = {\"source\":\"https:\\\/\\\/www.atakey.com.tr\\\/wp-content\\\/uploads\\\/2024\\\/11\\\/Fon-kullanim-raporu-ykk-sirket-noterli.pdf\",\"id\":\"rand1756111823\"}; if(window.DFLIP && window.DFLIP.parseBooks){window.DFLIP.parseBooks();}<\/script><\/li><\/ul><\/li><\/ol>\n\t\t\t\t\t\t\t\t\t<\/div><\/li><\/ul><\/div><!-- SIPA Content end -->\n\n\n\n<p><br><\/p>\n<\/div>\n<\/div>\n","protected":false},"excerpt":{"rendered":"<p>Atakey Potato Food Industry. and Trade. Inc. Public Offering Date: 19-20-21 July 2023 Public Offering Price\/Range: 39,50 TL Distribution Method: Equal Distribution Share: 28.224.000 Lots Brokerage Institution: \u0130\u015f Yat\u0131r\u0131m Menkul De\u011ferler A.\u015e. Share in Actual Circulation: 28.223.054 Lots Share Ratio in Actual Circulation: %20,33 B\u0130ST Code: ATAKP Market: BIST STAR BIST First Transaction Date: 27&hellip; <a class=\"more-link\" href=\"https:\/\/www.atakey.com.tr\/en\/investor-relations\/public-offering-information\/board-resolution-on-the-use-of-ipo-funds\/\">Continue reading <span class=\"screen-reader-text\">Board Resolution on the Use of IPO Funds<\/span><\/a><\/p>\n","protected":false},"author":2,"featured_media":2543,"parent":1369,"menu_order":0,"comment_status":"closed","ping_status":"closed","template":"","meta":{"_acf_changed":false,"footnotes":""},"class_list":["post-1439","page","type-page","status-publish","has-post-thumbnail","hentry","entry"],"acf":[],"_links":{"self":[{"href":"https:\/\/www.atakey.com.tr\/en\/wp-json\/wp\/v2\/pages\/1439","targetHints":{"allow":["GET"]}}],"collection":[{"href":"https:\/\/www.atakey.com.tr\/en\/wp-json\/wp\/v2\/pages"}],"about":[{"href":"https:\/\/www.atakey.com.tr\/en\/wp-json\/wp\/v2\/types\/page"}],"author":[{"embeddable":true,"href":"https:\/\/www.atakey.com.tr\/en\/wp-json\/wp\/v2\/users\/2"}],"replies":[{"embeddable":true,"href":"https:\/\/www.atakey.com.tr\/en\/wp-json\/wp\/v2\/comments?post=1439"}],"version-history":[{"count":0,"href":"https:\/\/www.atakey.com.tr\/en\/wp-json\/wp\/v2\/pages\/1439\/revisions"}],"up":[{"embeddable":true,"href":"https:\/\/www.atakey.com.tr\/en\/wp-json\/wp\/v2\/pages\/1369"}],"wp:featuredmedia":[{"embeddable":true,"href":"https:\/\/www.atakey.com.tr\/en\/wp-json\/wp\/v2\/media\/2543"}],"wp:attachment":[{"href":"https:\/\/www.atakey.com.tr\/en\/wp-json\/wp\/v2\/media?parent=1439"}],"curies":[{"name":"wp","href":"https:\/\/api.w.org\/{rel}","templated":true}]}}